{"id":95,"date":"2023-06-13T10:37:06","date_gmt":"2023-06-13T10:37:06","guid":{"rendered":"https:\/\/wallluxdecor.com\/?page_id=3"},"modified":"2026-02-05T14:52:26","modified_gmt":"2026-02-05T11:52:26","slug":"vescom-turkiye-resmi-distributor-2","status":"publish","type":"page","link":"https:\/\/wallluxdecor.com\/","title":{"rendered":"Vescom T\u00fcrkiye Yetkili Distrib\u00fct\u00f6r"},"content":{"rendered":"","protected":false},"excerpt":{"rendered":"","protected":false},"author":2,"featured_media":0,"parent":0,"menu_order":0,"comment_status":"open","ping_status":"closed","template":"","meta":{"footnotes":""},"class_list":["post-95","page","type-page","status-publish","hentry"],"_links":{"self":[{"href":"https:\/\/wallluxdecor.com\/index.php?rest_route=\/wp\/v2\/pages\/95","targetHints":{"allow":["GET"]}}],"collection":[{"href":"https:\/\/wallluxdecor.com\/index.php?rest_route=\/wp\/v2\/pages"}],"about":[{"href":"https:\/\/wallluxdecor.com\/index.php?rest_route=\/wp\/v2\/types\/page"}],"author":[{"embeddable":true,"href":"https:\/\/wallluxdecor.com\/index.php?rest_route=\/wp\/v2\/users\/2"}],"replies":[{"embeddable":true,"href":"https:\/\/wallluxdecor.com\/index.php?rest_route=%2Fwp%2Fv2%2Fcomments&post=95"}],"version-history":[{"count":3,"href":"https:\/\/wallluxdecor.com\/index.php?rest_route=\/wp\/v2\/pages\/95\/revisions"}],"predecessor-version":[{"id":156,"href":"https:\/\/wallluxdecor.com\/index.php?rest_route=\/wp\/v2\/pages\/95\/revisions\/156"}],"wp:attachment":[{"href":"https:\/\/wallluxdecor.com\/index.php?rest_route=%2Fwp%2Fv2%2Fmedia&parent=95"}],"curies":[{"name":"wp","href":"https:\/\/api.w.org\/{rel}","templated":true}]}}